{"id":1629,"date":"2025-04-24T14:27:27","date_gmt":"2025-04-24T14:27:27","guid":{"rendered":"https:\/\/5bm.48c.mytemp.website\/?page_id=1629"},"modified":"2025-08-07T13:33:18","modified_gmt":"2025-08-07T13:33:18","slug":"contacto","status":"publish","type":"page","link":"https:\/\/thefarmproductions.com\/en\/contacto\/","title":{"rendered":"Contact"},"content":{"rendered":"\t\t<div data-elementor-type=\"wp-page\" data-elementor-id=\"1629\" class=\"elementor elementor-1629\">\n\t\t\t\t<div class=\"elementor-element elementor-element-6335344 e-flex e-con-boxed wpr-particle-no wpr-jarallax-no wpr-parallax-no wpr-sticky-section-no wpr-equal-height-no e-con e-child\" data-id=\"6335344\" data-element_type=\"container\" data-e-type=\"container\">\n\t\t\t\t\t<div class=\"e-con-inner\">\n\t\t<div class=\"elementor-element elementor-element-28e86f6 e-con-full e-flex wpr-particle-no wpr-jarallax-no wpr-parallax-no wpr-sticky-section-no wpr-equal-height-no e-con e-child\" data-id=\"28e86f6\" data-element_type=\"container\" data-e-type=\"container\">\n\t\t\t\t<div class=\"elementor-element elementor-element-7c7a266 elementor-widget elementor-widget-image\" data-id=\"7c7a266\" data-element_type=\"widget\" data-e-type=\"widget\" data-widget_type=\"image.default\">\n\t\t\t\t\t\t\t\t\t\t\t\t\t\t\t\t<a href=\"https:\/\/thefarmproductions.com\/\">\n\t\t\t\t\t\t\t<img decoding=\"async\" width=\"167\" height=\"26\" src=\"https:\/\/thefarmproductions.com\/wp-content\/uploads\/2025\/04\/eefd1ff7183d2c33ab5b4a457adb836a.png\" class=\"attachment-large size-large wp-image-1604\" alt=\"\" srcset=\"https:\/\/thefarmproductions.com\/wp-content\/uploads\/2025\/04\/eefd1ff7183d2c33ab5b4a457adb836a.png 167w, https:\/\/thefarmproductions.com\/wp-content\/uploads\/2025\/04\/eefd1ff7183d2c33ab5b4a457adb836a-18x3.png 18w\" sizes=\"(max-width: 167px) 100vw, 167px\" \/>\t\t\t\t\t\t\t\t<\/a>\n\t\t\t\t\t\t\t\t\t\t\t\t\t\t\t<\/div>\n\t\t\t\t<\/div>\n\t\t<div class=\"elementor-element elementor-element-47bdde2 e-con-full elementor-hidden-mobile e-flex wpr-particle-no wpr-jarallax-no wpr-parallax-no wpr-sticky-section-no wpr-equal-height-no e-con e-child\" data-id=\"47bdde2\" data-element_type=\"container\" data-e-type=\"container\">\n\t\t\t\t<div class=\"elementor-element elementor-element-8af4556 elementor-widget elementor-widget-button\" data-id=\"8af4556\" data-element_type=\"widget\" data-e-type=\"widget\" data-widget_type=\"button.default\">\n\t\t\t\t\t\t\t\t\t\t<a class=\"elementor-button elementor-button-link elementor-size-sm\" href=\"https:\/\/thefarmproductions.com\/servicios\">\n\t\t\t\t\t\t<span class=\"elementor-button-content-wrapper\">\n\t\t\t\t\t\t\t\t\t<span class=\"elementor-button-text\">Servicios<\/span>\n\t\t\t\t\t<\/span>\n\t\t\t\t\t<\/a>\n\t\t\t\t\t\t\t\t<\/div>\n\t\t\t\t<div class=\"elementor-element elementor-element-e1a19a5 elementor-widget elementor-widget-button\" data-id=\"e1a19a5\" data-element_type=\"widget\" data-e-type=\"widget\" data-widget_type=\"button.default\">\n\t\t\t\t\t\t\t\t\t\t<a class=\"elementor-button elementor-button-link elementor-size-sm\" href=\"https:\/\/thefarmproductions.com\/portafolio\">\n\t\t\t\t\t\t<span class=\"elementor-button-content-wrapper\">\n\t\t\t\t\t\t\t\t\t<span class=\"elementor-button-text\">Portafolio<\/span>\n\t\t\t\t\t<\/span>\n\t\t\t\t\t<\/a>\n\t\t\t\t\t\t\t\t<\/div>\n\t\t\t\t<div class=\"elementor-element elementor-element-1f6a24e elementor-widget elementor-widget-button\" data-id=\"1f6a24e\" data-element_type=\"widget\" data-e-type=\"widget\" data-widget_type=\"button.default\">\n\t\t\t\t\t\t\t\t\t\t<a class=\"elementor-button elementor-button-link elementor-size-sm\" href=\"https:\/\/thefarmproductions.com\/nuestra-historia\">\n\t\t\t\t\t\t<span class=\"elementor-button-content-wrapper\">\n\t\t\t\t\t\t\t\t\t<span class=\"elementor-button-text\">Nosotros<\/span>\n\t\t\t\t\t<\/span>\n\t\t\t\t\t<\/a>\n\t\t\t\t\t\t\t\t<\/div>\n\t\t\t\t<div class=\"elementor-element elementor-element-c65fd87 elementor-widget elementor-widget-button\" data-id=\"c65fd87\" data-element_type=\"widget\" data-e-type=\"widget\" data-widget_type=\"button.default\">\n\t\t\t\t\t\t\t\t\t\t<a class=\"elementor-button elementor-button-link elementor-size-sm\" href=\"https:\/\/thefarmproductions.com\/contacto\">\n\t\t\t\t\t\t<span class=\"elementor-button-content-wrapper\">\n\t\t\t\t\t\t\t\t\t<span class=\"elementor-button-text\">Cont\u00e1ctanos<\/span>\n\t\t\t\t\t<\/span>\n\t\t\t\t\t<\/a>\n\t\t\t\t\t\t\t\t<\/div>\n\t\t\t\t<\/div>\n\t\t\t\t<div class=\"elementor-element elementor-element-f7df205 elementor-mobile-align-right elementor-widget-mobile__width-initial elementor-hidden-desktop elementor-hidden-laptop elementor-hidden-tablet elementor-widget elementor-widget-button\" data-id=\"f7df205\" data-element_type=\"widget\" data-e-type=\"widget\" data-widget_type=\"button.default\">\n\t\t\t\t\t\t\t\t\t\t<a class=\"elementor-button elementor-button-link elementor-size-sm\" href=\"https:\/\/thefarmproductions.com\/menu\">\n\t\t\t\t\t\t<span class=\"elementor-button-content-wrapper\">\n\t\t\t\t\t\t\t\t\t<span class=\"elementor-button-text\">Men\u00fa<\/span>\n\t\t\t\t\t<\/span>\n\t\t\t\t\t<\/a>\n\t\t\t\t\t\t\t\t<\/div>\n\t\t\t\t\t<\/div>\n\t\t\t\t<\/div>\n\t\t<div class=\"elementor-element elementor-element-9bf9f4d e-con-full elementor-hidden-tablet e-flex wpr-particle-no wpr-jarallax-no wpr-parallax-no wpr-sticky-section-no wpr-equal-height-no e-con e-parent\" data-id=\"9bf9f4d\" data-element_type=\"container\" data-e-type=\"container\" data-settings=\"{&quot;background_background&quot;:&quot;classic&quot;}\">\n\t\t<div class=\"elementor-element elementor-element-6e7fca2 e-con-full elementor-hidden-mobile e-flex wpr-particle-no wpr-jarallax-no wpr-parallax-no wpr-sticky-section-no wpr-equal-height-no e-con e-child\" data-id=\"6e7fca2\" data-element_type=\"container\" data-e-type=\"container\">\n\t\t\t\t<\/div>\n\t\t<div class=\"elementor-element elementor-element-ae1a934 e-con-full e-flex wpr-particle-no wpr-jarallax-no wpr-parallax-no wpr-sticky-section-no wpr-equal-height-no e-con e-child\" data-id=\"ae1a934\" data-element_type=\"container\" data-e-type=\"container\" data-settings=\"{&quot;background_background&quot;:&quot;classic&quot;}\">\n\t\t\t\t<div class=\"elementor-element elementor-element-24eee41 elementor-widget__width-initial elementor-widget elementor-widget-heading\" data-id=\"24eee41\" data-element_type=\"widget\" data-e-type=\"widget\" data-widget_type=\"heading.default\">\n\t\t\t\t\t<div class=\"elementor-heading-title elementor-size-default\">TU PR\u00d3XIMO PROYECTO COMIENZA\rAQU\u00cd.<\/div>\t\t\t\t<\/div>\n\t\t\t\t<div class=\"elementor-element elementor-element-9b5f8ab elementor-widget__width-inherit elementor-widget elementor-widget-heading\" data-id=\"9b5f8ab\" data-element_type=\"widget\" data-e-type=\"widget\" data-widget_type=\"heading.default\">\n\t\t\t\t\t<div class=\"elementor-heading-title elementor-size-default\">Estamos listos para colaborar contigo<\/div>\t\t\t\t<\/div>\n\t\t\t\t<\/div>\n\t\t<div class=\"elementor-element elementor-element-b5ed832 e-con-full e-flex wpr-particle-no wpr-jarallax-no wpr-parallax-no wpr-sticky-section-no wpr-equal-height-no e-con e-child\" data-id=\"b5ed832\" data-element_type=\"container\" data-e-type=\"container\">\n\t\t\t\t<div class=\"elementor-element elementor-element-0a25c13 elementor-widget-mobile__width-inherit wpr-step-type-number_text wpr-step-content-layout-vertical elementor-widget elementor-widget-wpr-form-builder\" data-id=\"0a25c13\" data-element_type=\"widget\" data-e-type=\"widget\" data-settings=\"{&quot;success_message&quot;:&quot;Submission successful&quot;,&quot;error_message&quot;:&quot;Submission failed&quot;,&quot;button_width&quot;:{&quot;unit&quot;:&quot;%&quot;,&quot;size&quot;:100,&quot;sizes&quot;:[]},&quot;button_width_laptop&quot;:{&quot;unit&quot;:&quot;px&quot;,&quot;size&quot;:&quot;&quot;,&quot;sizes&quot;:[]},&quot;button_width_tablet&quot;:{&quot;unit&quot;:&quot;px&quot;,&quot;size&quot;:&quot;&quot;,&quot;sizes&quot;:[]},&quot;button_width_mobile&quot;:{&quot;unit&quot;:&quot;px&quot;,&quot;size&quot;:&quot;&quot;,&quot;sizes&quot;:[]},&quot;step_type&quot;:&quot;number_text&quot;,&quot;step_content_layout&quot;:&quot;vertical&quot;}\" data-widget_type=\"wpr-form-builder.default\">\n\t\t\t\t\t\t\t<form class=\"wpr-form\" method=\"post\" name=\"New Form\" page=\"Contacto\" page_id=\"1629\" novalidate>\n\t\t\t<input type=\"hidden\" name=\"post_id\" value=\"1629\"\/>\n\t\t\t<input type=\"hidden\" name=\"form_id\" value=\"0a25c13\"\/>\n\t\t\t<input type=\"hidden\" name=\"referer_title\" value=\"\" \/>\n\n\t\t\t<div class=\"wpr-step-wrap wpr-separator-off\"><\/div>\n\t\t\t<div class=\"wpr-form-fields-wrap wpr-labels-above\">\n\t\t\t\t\t\t\t\t\t<div class=\"wpr-form-field-type-text wpr-field-group wpr-column wpr-field-group-name elementor-repeater-item-38f7040\">\n\t\t\t\t\t\t<input size=\"1 \"type=\"text\" name=\"form_fields[name]\" id=\"form-field-name\" class=\"wpr-form-field  wpr-form-field-textual\" placeholder=\"Nombre\">\t\t\t\t\t<\/div>\n\t\t\t\t\t\t\t\t\t<div class=\"wpr-form-field-type-email wpr-field-group wpr-column wpr-field-group-email elementor-repeater-item-f527d58 wpr-form-field-required\">\n\t\t\t\t\t\t<input size=\"1 \"type=\"email\" name=\"form_fields[email]\" id=\"form-field-email\" class=\"wpr-form-field  wpr-form-field-textual\" placeholder=\"Correo electr\u00f3nico\" required=\"required\" aria-required=\"true\">\t\t\t\t\t<\/div>\n\t\t\t\t\t\t\t\t\t<div class=\"wpr-form-field-type-checkbox wpr-field-group wpr-column wpr-field-group-2a6fe25 elementor-repeater-item-2a6fe25 wpr-form-field-required\">\n\t\t\t\t\t\t\t\t\t\t\t\t\t\t<label for=\"form-field-2a6fe25\" class=\"wpr-form-field-label\" data-alt-label=\"Servicio de inter\u00e9s:\">\n\t\t\t\t\t\t\t\t\tServicio de inter\u00e9s:\t\t\t\t\t\t\t\t<\/label>\n\t\t\t\t\t\t\t<div class=\"wpr-field-sub-group  \"><span class=\"wpr-form-field-option\" data-key=\"form-field-2a6fe25\"><input type=\"checkbox\" value=\" Producci\u00f3n audiovisual\" id=\"form-field-2a6fe25-0\" name=\"form_fields[2a6fe25][]\" required=\"required\" aria-required=\"true\"> <label for=\"form-field-2a6fe25-0\">Producci\u00f3n audiovisual <\/label><\/span><span class=\"wpr-form-field-option\" data-key=\"form-field-2a6fe25\"><input type=\"checkbox\" value=\" Contenido digital\" id=\"form-field-2a6fe25-1\" name=\"form_fields[2a6fe25][]\" required=\"required\" aria-required=\"true\"> <label for=\"form-field-2a6fe25-1\">Contenido digital <\/label><\/span><span class=\"wpr-form-field-option\" data-key=\"form-field-2a6fe25\"><input type=\"checkbox\" value=\" Post producci\u00f3n \" id=\"form-field-2a6fe25-2\" name=\"form_fields[2a6fe25][]\" required=\"required\" aria-required=\"true\"> <label for=\"form-field-2a6fe25-2\">Post producci\u00f3n <\/label><\/span><span class=\"wpr-form-field-option\" data-key=\"form-field-2a6fe25\"><input type=\"checkbox\" value=\" Estudio de grabaci\u00f3n\" id=\"form-field-2a6fe25-3\" name=\"form_fields[2a6fe25][]\" required=\"required\" aria-required=\"true\"> <label for=\"form-field-2a6fe25-3\">Estudio de grabaci\u00f3n <\/label><\/span><\/div>\t\t\t\t\t<\/div>\n\t\t\t\t\t\t\t\t\t<div class=\"wpr-form-field-type-text wpr-field-group wpr-column wpr-field-group-32cbb82 elementor-repeater-item-32cbb82\">\n\t\t\t\t\t\t<input size=\"1 \"type=\"text\" name=\"form_fields[32cbb82]\" id=\"form-field-32cbb82\" class=\"wpr-form-field  wpr-form-field-textual\" placeholder=\"Localizaci\u00f3n del proyecto\">\t\t\t\t\t<\/div>\n\t\t\t\t\t\t\t\t\t<div class=\"wpr-form-field-type-textarea wpr-field-group wpr-column wpr-field-group-Mensaje elementor-repeater-item-f47c967\">\n\t\t\t\t\t\t<textarea class=\"wpr-form-field-textual wpr-form-field \" name=\"form_fields[Mensaje]\" id=\"form-field-Mensaje\" rows=\"7\" placeholder=\"Mensaje\"><\/textarea>\t\t\t\t\t<\/div>\n\t\t\t\t\t\t\t\t\t<div class=\"wpr-form-field-type-checkbox wpr-field-group wpr-column wpr-field-group-7430536 elementor-repeater-item-7430536 wpr-form-field-required\">\n\t\t\t\t\t\t<div class=\"wpr-field-sub-group  \"><span class=\"wpr-form-field-option\" data-key=\"form-field-7430536\"><input type=\"checkbox\" value=\"He le\u00eddo y acepto la pol\u00edtica de privacidad\" id=\"form-field-7430536-0\" name=\"form_fields[7430536]\" required=\"required\" aria-required=\"true\"> <label for=\"form-field-7430536-0\">He le\u00eddo y acepto la pol\u00edtica de privacidad<\/label><\/span><\/div>\t\t\t\t\t<\/div>\n\t\t\t\t<div class=\"wpr-field-group wpr-stp-btns-wrap wpr-column wpr-form-field-type-submit\" data-actions=\"[&quot;email&quot;,&quot;submissions&quot;]\" data-redirect-url=\"\" data-mailchimp-fields=\"{&quot;email_field&quot;:&quot;&quot;,&quot;first_name_field&quot;:&quot;&quot;,&quot;last_name_field&quot;:&quot;&quot;,&quot;address_field&quot;:&quot;&quot;,&quot;phone_field&quot;:&quot;&quot;,&quot;birthday_field&quot;:&quot;&quot;,&quot;group_id&quot;:&quot;&quot;}\" data-list-id=\"\">\t\t\t<button type=\"submit\" class=\"wpr-button\">\n\t\t\t\t<span >\n\t\t\t\t\t\t\t\t\t\t\t\t\t\t\t\t<span>Enviar mensaje<\/span>\n\t\t\t\t\t\t\t\t\t\t\t\t\t\t<\/span>\t\n\t\t\t\t<div class=\"wpr-double-bounce wpr-loader-hidden\">\n\t\t\t\t\t<div class=\"wpr-child wpr-double-bounce1\"><\/div>\n\t\t\t\t\t<div class=\"wpr-child wpr-double-bounce2\"><\/div>\n\t\t\t\t<\/div>\n\t\t\t<\/button>\n\t\t<\/div>\t\t\t\t\n\t\t\t<\/div>\n\t\t<\/form>\n\t  \t\t\t\t<\/div>\n\t\t\t\t<\/div>\n\t\t\t\t<\/div>\n\t\t<div class=\"elementor-element elementor-element-6d7dc8e elementor-hidden-desktop elementor-hidden-laptop elementor-hidden-mobile e-flex e-con-boxed wpr-particle-no wpr-jarallax-no wpr-parallax-no wpr-sticky-section-no wpr-equal-height-no e-con e-parent\" data-id=\"6d7dc8e\" data-element_type=\"container\" data-e-type=\"container\" data-settings=\"{&quot;background_background&quot;:&quot;classic&quot;}\">\n\t\t\t\t\t<div class=\"e-con-inner\">\n\t\t<div class=\"elementor-element elementor-element-07c4b71 e-con-full e-flex wpr-particle-no wpr-jarallax-no wpr-parallax-no wpr-sticky-section-no wpr-equal-height-no e-con e-child\" data-id=\"07c4b71\" data-element_type=\"container\" data-e-type=\"container\">\n\t\t\t\t<div class=\"elementor-element elementor-element-0f579d0 elementor-widget__width-initial elementor-widget elementor-widget-heading\" data-id=\"0f579d0\" data-element_type=\"widget\" data-e-type=\"widget\" data-widget_type=\"heading.default\">\n\t\t\t\t\t<div class=\"elementor-heading-title elementor-size-default\">TU PR\u00d3XIMO PROYECTO COMIENZA\rAQU\u00cd.<\/div>\t\t\t\t<\/div>\n\t\t\t\t<div class=\"elementor-element elementor-element-7a51ae0 elementor-widget__width-inherit elementor-widget elementor-widget-heading\" data-id=\"7a51ae0\" data-element_type=\"widget\" data-e-type=\"widget\" data-widget_type=\"heading.default\">\n\t\t\t\t\t<div class=\"elementor-heading-title elementor-size-default\">Estamos listos para colaborar contigo<\/div>\t\t\t\t<\/div>\n\t\t\t\t<\/div>\n\t\t<div class=\"elementor-element elementor-element-5dc1be0 e-con-full e-flex wpr-particle-no wpr-jarallax-no wpr-parallax-no wpr-sticky-section-no wpr-equal-height-no e-con e-child\" data-id=\"5dc1be0\" data-element_type=\"container\" data-e-type=\"container\">\n\t\t\t\t<div class=\"elementor-element elementor-element-53febe7 elementor-widget-mobile__width-inherit wpr-step-type-number_text wpr-step-content-layout-vertical elementor-widget elementor-widget-wpr-form-builder\" data-id=\"53febe7\" data-element_type=\"widget\" data-e-type=\"widget\" data-settings=\"{&quot;success_message&quot;:&quot;Submission successful&quot;,&quot;error_message&quot;:&quot;Submission failed&quot;,&quot;button_width&quot;:{&quot;unit&quot;:&quot;%&quot;,&quot;size&quot;:100,&quot;sizes&quot;:[]},&quot;button_width_laptop&quot;:{&quot;unit&quot;:&quot;px&quot;,&quot;size&quot;:&quot;&quot;,&quot;sizes&quot;:[]},&quot;button_width_tablet&quot;:{&quot;unit&quot;:&quot;px&quot;,&quot;size&quot;:&quot;&quot;,&quot;sizes&quot;:[]},&quot;button_width_mobile&quot;:{&quot;unit&quot;:&quot;px&quot;,&quot;size&quot;:&quot;&quot;,&quot;sizes&quot;:[]},&quot;step_type&quot;:&quot;number_text&quot;,&quot;step_content_layout&quot;:&quot;vertical&quot;}\" data-widget_type=\"wpr-form-builder.default\">\n\t\t\t\t\t\t\t<form class=\"wpr-form\" method=\"post\" name=\"New Form\" page=\"Contacto\" page_id=\"1629\" novalidate>\n\t\t\t<input type=\"hidden\" name=\"post_id\" value=\"1629\"\/>\n\t\t\t<input type=\"hidden\" name=\"form_id\" value=\"53febe7\"\/>\n\t\t\t<input type=\"hidden\" name=\"referer_title\" value=\"\" \/>\n\n\t\t\t<div class=\"wpr-step-wrap wpr-separator-off\"><\/div>\n\t\t\t<div class=\"wpr-form-fields-wrap wpr-labels-above\">\n\t\t\t\t\t\t\t\t\t<div class=\"wpr-form-field-type-text wpr-field-group wpr-column wpr-field-group-name elementor-repeater-item-38f7040\">\n\t\t\t\t\t\t<input size=\"1 \"type=\"text\" name=\"form_fields[name]\" id=\"form-field-name\" class=\"wpr-form-field  wpr-form-field-textual\" placeholder=\"Nombre\">\t\t\t\t\t<\/div>\n\t\t\t\t\t\t\t\t\t<div class=\"wpr-form-field-type-email wpr-field-group wpr-column wpr-field-group-email elementor-repeater-item-f527d58 wpr-form-field-required\">\n\t\t\t\t\t\t<input size=\"1 \"type=\"email\" name=\"form_fields[email]\" id=\"form-field-email\" class=\"wpr-form-field  wpr-form-field-textual\" placeholder=\"Correo electr\u00f3nico\" required=\"required\" aria-required=\"true\">\t\t\t\t\t<\/div>\n\t\t\t\t\t\t\t\t\t<div class=\"wpr-form-field-type-checkbox wpr-field-group wpr-column wpr-field-group-2a6fe25 elementor-repeater-item-2a6fe25 wpr-form-field-required\">\n\t\t\t\t\t\t\t\t\t\t\t\t\t\t<label for=\"form-field-2a6fe25\" class=\"wpr-form-field-label\" data-alt-label=\"Servicio de inter\u00e9s:\">\n\t\t\t\t\t\t\t\t\tServicio de inter\u00e9s:\t\t\t\t\t\t\t\t<\/label>\n\t\t\t\t\t\t\t<div class=\"wpr-field-sub-group  \"><span class=\"wpr-form-field-option\" data-key=\"form-field-2a6fe25\"><input type=\"checkbox\" value=\" Producci\u00f3n audiovisual\" id=\"form-field-2a6fe25-0\" name=\"form_fields[2a6fe25][]\" required=\"required\" aria-required=\"true\"> <label for=\"form-field-2a6fe25-0\">Producci\u00f3n audiovisual <\/label><\/span><span class=\"wpr-form-field-option\" data-key=\"form-field-2a6fe25\"><input type=\"checkbox\" value=\" Contenido digital\" id=\"form-field-2a6fe25-1\" name=\"form_fields[2a6fe25][]\" required=\"required\" aria-required=\"true\"> <label for=\"form-field-2a6fe25-1\">Contenido digital <\/label><\/span><span class=\"wpr-form-field-option\" data-key=\"form-field-2a6fe25\"><input type=\"checkbox\" value=\" Post producci\u00f3n \" id=\"form-field-2a6fe25-2\" name=\"form_fields[2a6fe25][]\" required=\"required\" aria-required=\"true\"> <label for=\"form-field-2a6fe25-2\">Post producci\u00f3n <\/label><\/span><span class=\"wpr-form-field-option\" data-key=\"form-field-2a6fe25\"><input type=\"checkbox\" value=\" Estudio de grabaci\u00f3n\" id=\"form-field-2a6fe25-3\" name=\"form_fields[2a6fe25][]\" required=\"required\" aria-required=\"true\"> <label for=\"form-field-2a6fe25-3\">Estudio de grabaci\u00f3n <\/label><\/span><\/div>\t\t\t\t\t<\/div>\n\t\t\t\t\t\t\t\t\t<div class=\"wpr-form-field-type-text wpr-field-group wpr-column wpr-field-group-32cbb82 elementor-repeater-item-32cbb82\">\n\t\t\t\t\t\t<input size=\"1 \"type=\"text\" name=\"form_fields[32cbb82]\" id=\"form-field-32cbb82\" class=\"wpr-form-field  wpr-form-field-textual\" placeholder=\"Localizaci\u00f3n del proyecto\">\t\t\t\t\t<\/div>\n\t\t\t\t\t\t\t\t\t<div class=\"wpr-form-field-type-textarea wpr-field-group wpr-column wpr-field-group-Mensaje elementor-repeater-item-f47c967\">\n\t\t\t\t\t\t<textarea class=\"wpr-form-field-textual wpr-form-field \" name=\"form_fields[Mensaje]\" id=\"form-field-Mensaje\" rows=\"7\" placeholder=\"Mensaje\"><\/textarea>\t\t\t\t\t<\/div>\n\t\t\t\t\t\t\t\t\t<div class=\"wpr-form-field-type-checkbox wpr-field-group wpr-column wpr-field-group-7430536 elementor-repeater-item-7430536 wpr-form-field-required\">\n\t\t\t\t\t\t<div class=\"wpr-field-sub-group  \"><span class=\"wpr-form-field-option\" data-key=\"form-field-7430536\"><input type=\"checkbox\" value=\"He le\u00eddo y acepto la pol\u00edtica de privacidad\" id=\"form-field-7430536-0\" name=\"form_fields[7430536]\" required=\"required\" aria-required=\"true\"> <label for=\"form-field-7430536-0\">He le\u00eddo y acepto la pol\u00edtica de privacidad<\/label><\/span><\/div>\t\t\t\t\t<\/div>\n\t\t\t\t<div class=\"wpr-field-group wpr-stp-btns-wrap wpr-column wpr-form-field-type-submit\" data-actions=\"[&quot;email&quot;,&quot;submissions&quot;]\" data-redirect-url=\"\" data-mailchimp-fields=\"{&quot;email_field&quot;:&quot;&quot;,&quot;first_name_field&quot;:&quot;&quot;,&quot;last_name_field&quot;:&quot;&quot;,&quot;address_field&quot;:&quot;&quot;,&quot;phone_field&quot;:&quot;&quot;,&quot;birthday_field&quot;:&quot;&quot;,&quot;group_id&quot;:&quot;&quot;}\" data-list-id=\"\">\t\t\t<button type=\"submit\" class=\"wpr-button\">\n\t\t\t\t<span >\n\t\t\t\t\t\t\t\t\t\t\t\t\t\t\t\t<span>Enviar mensaje<\/span>\n\t\t\t\t\t\t\t\t\t\t\t\t\t\t<\/span>\t\n\t\t\t\t<div class=\"wpr-double-bounce wpr-loader-hidden\">\n\t\t\t\t\t<div class=\"wpr-child wpr-double-bounce1\"><\/div>\n\t\t\t\t\t<div class=\"wpr-child wpr-double-bounce2\"><\/div>\n\t\t\t\t<\/div>\n\t\t\t<\/button>\n\t\t<\/div>\t\t\t\t\n\t\t\t<\/div>\n\t\t<\/form>\n\t  \t\t\t\t<\/div>\n\t\t\t\t<\/div>\n\t\t\t\t\t<\/div>\n\t\t\t\t<\/div>\n\t\t\t\t<\/div>\n\t\t","protected":false},"excerpt":{"rendered":"<p>Servicios Portafolio Nosotros Cont\u00e1ctanos Men\u00fa TU PR\u00d3XIMO PROYECTO COMIENZA AQU\u00cd. Estamos listos para colaborar contigo Servicio de inter\u00e9s: Producci\u00f3n audiovisual Contenido digital Post producci\u00f3n Estudio de grabaci\u00f3n He le\u00eddo y acepto la pol\u00edtica de privacidad Enviar mensaje TU PR\u00d3XIMO PROYECTO COMIENZA AQU\u00cd. Estamos listos para colaborar contigo Servicio de inter\u00e9s: Producci\u00f3n audiovisual Contenido digital Post producci\u00f3n Estudio de grabaci\u00f3n He le\u00eddo y acepto la pol\u00edtica de privacidad Enviar mensaje<\/p>","protected":false},"author":1,"featured_media":1642,"parent":0,"menu_order":0,"comment_status":"closed","ping_status":"closed","template":"elementor_header_footer","meta":{"footnotes":""},"class_list":["post-1629","page","type-page","status-publish","has-post-thumbnail","hentry"],"_links":{"self":[{"href":"https:\/\/thefarmproductions.com\/en\/wp-json\/wp\/v2\/pages\/1629","targetHints":{"allow":["GET"]}}],"collection":[{"href":"https:\/\/thefarmproductions.com\/en\/wp-json\/wp\/v2\/pages"}],"about":[{"href":"https:\/\/thefarmproductions.com\/en\/wp-json\/wp\/v2\/types\/page"}],"author":[{"embeddable":true,"href":"https:\/\/thefarmproductions.com\/en\/wp-json\/wp\/v2\/users\/1"}],"replies":[{"embeddable":true,"href":"https:\/\/thefarmproductions.com\/en\/wp-json\/wp\/v2\/comments?post=1629"}],"version-history":[{"count":1,"href":"https:\/\/thefarmproductions.com\/en\/wp-json\/wp\/v2\/pages\/1629\/revisions"}],"predecessor-version":[{"id":3260,"href":"https:\/\/thefarmproductions.com\/en\/wp-json\/wp\/v2\/pages\/1629\/revisions\/3260"}],"wp:featuredmedia":[{"embeddable":true,"href":"https:\/\/thefarmproductions.com\/en\/wp-json\/wp\/v2\/media\/1642"}],"wp:attachment":[{"href":"https:\/\/thefarmproductions.com\/en\/wp-json\/wp\/v2\/media?parent=1629"}],"curies":[{"name":"wp","href":"https:\/\/api.w.org\/{rel}","templated":true}]}}